{"id":100,"date":"2019-09-23T06:53:28","date_gmt":"2019-09-23T06:53:28","guid":{"rendered":"http:\/\/demo.keonthemes.com\/travelbiz\/?page_id=100"},"modified":"2020-11-04T16:29:27","modified_gmt":"2020-11-04T21:29:27","slug":"avit","status":"publish","type":"page","link":"https:\/\/expotoursperu.com\/index.php\/avit\/","title":{"rendered":"AVIT"},"content":{"rendered":"\n<p class=\"has-text-align-center\">Asociaci\u00f3n de Arequipa de Agencias de Viajes y Turismo AVIT, una instituci\u00f3n de car\u00e1cter eminentemente gremial, entidadrepresentativa de las Agencias de Viajes y Turismo establecidas, con sede en la ciudad de Arequipa y con \u00e1mbito en la Regi\u00f3n. Creada el 11 de mayo de 1981, su duraci\u00f3n es indefinida y es persona jur\u00eddica de derechos privadosAVIT, no tiene prop\u00f3sito de lucro, sus fines esenciales son promover, estimular, proteger y asegurar la calidad de los servicios tur\u00edsticos de las Agencias de Viajes y Turismo de la Regi\u00f3n Arequipa.AVIT, es miembro nato de la Asociaci\u00f3n Peruana de Agencias de Viajes y Turismo &#8211; APAVIT, con derecho de voz y voto, asimismo de otros organismos p\u00fablicos y privados que pudieran crearse, con fines tur\u00edsticos, a consideraci\u00f3n del directorio.<\/p>\n\n\n\n<p><\/p>\n","protected":false},"excerpt":{"rendered":"<p>Asociaci\u00f3n de Arequipa de Agencias de Viajes y Turismo AVIT, una instituci\u00f3n de car\u00e1cter eminentemente gremial, entidadrepresentativa de las Agencias de Viajes y Turismo establecidas, con sede en la ciudad de Arequipa y con \u00e1mbito en la Regi\u00f3n. Creada el 11 de mayo de 1981, su duraci\u00f3n es indefinida y es persona jur\u00eddica de derechos [&hellip;]<\/p>\n","protected":false},"author":1,"featured_media":528,"parent":0,"menu_order":0,"comment_status":"closed","ping_status":"closed","template":"","meta":{"_monsterinsights_skip_tracking":false,"_monsterinsights_sitenote_active":false,"_monsterinsights_sitenote_note":"","_monsterinsights_sitenote_category":0,"footnotes":""},"class_list":["post-100","page","type-page","status-publish","has-post-thumbnail","hentry"],"_links":{"self":[{"href":"https:\/\/expotoursperu.com\/index.php\/wp-json\/wp\/v2\/pages\/100","targetHints":{"allow":["GET"]}}],"collection":[{"href":"https:\/\/expotoursperu.com\/index.php\/wp-json\/wp\/v2\/pages"}],"about":[{"href":"https:\/\/expotoursperu.com\/index.php\/wp-json\/wp\/v2\/types\/page"}],"author":[{"embeddable":true,"href":"https:\/\/expotoursperu.com\/index.php\/wp-json\/wp\/v2\/users\/1"}],"replies":[{"embeddable":true,"href":"https:\/\/expotoursperu.com\/index.php\/wp-json\/wp\/v2\/comments?post=100"}],"version-history":[{"count":4,"href":"https:\/\/expotoursperu.com\/index.php\/wp-json\/wp\/v2\/pages\/100\/revisions"}],"predecessor-version":[{"id":587,"href":"https:\/\/expotoursperu.com\/index.php\/wp-json\/wp\/v2\/pages\/100\/revisions\/587"}],"wp:featuredmedia":[{"embeddable":true,"href":"https:\/\/expotoursperu.com\/index.php\/wp-json\/wp\/v2\/media\/528"}],"wp:attachment":[{"href":"https:\/\/expotoursperu.com\/index.php\/wp-json\/wp\/v2\/media?parent=100"}],"curies":[{"name":"wp","href":"https:\/\/api.w.org\/{rel}","templated":true}]}}